{"id":930,"date":"2020-08-13T07:54:59","date_gmt":"2020-08-13T07:54:59","guid":{"rendered":"https:\/\/www.cool-and-safe.org\/?page_id=930"},"modified":"2025-02-25T15:43:46","modified_gmt":"2025-02-25T14:43:46","slug":"le-depistage-des-ist","status":"publish","type":"page","link":"https:\/\/www.cool-and-safe.org\/fr\/depistage\/le-depistage-des-ist\/","title":{"rendered":"Le d\u00e9pistage des IST \u00e0 la Plateforme Pr\u00e9vention Sida"},"content":{"rendered":"","protected":false},"excerpt":{"rendered":"","protected":false},"author":1,"featured_media":0,"parent":30,"menu_order":0,"comment_status":"closed","ping_status":"closed","template":"","meta":{"_acf_changed":false,"footnotes":""},"class_list":["post-930","page","type-page","status-publish","hentry"],"acf":[],"_links":{"self":[{"href":"https:\/\/www.cool-and-safe.org\/fr\/wp-json\/wp\/v2\/pages\/930","targetHints":{"allow":["GET"]}}],"collection":[{"href":"https:\/\/www.cool-and-safe.org\/fr\/wp-json\/wp\/v2\/pages"}],"about":[{"href":"https:\/\/www.cool-and-safe.org\/fr\/wp-json\/wp\/v2\/types\/page"}],"author":[{"embeddable":true,"href":"https:\/\/www.cool-and-safe.org\/fr\/wp-json\/wp\/v2\/users\/1"}],"replies":[{"embeddable":true,"href":"https:\/\/www.cool-and-safe.org\/fr\/wp-json\/wp\/v2\/comments?post=930"}],"version-history":[{"count":34,"href":"https:\/\/www.cool-and-safe.org\/fr\/wp-json\/wp\/v2\/pages\/930\/revisions"}],"predecessor-version":[{"id":10488,"href":"https:\/\/www.cool-and-safe.org\/fr\/wp-json\/wp\/v2\/pages\/930\/revisions\/10488"}],"up":[{"embeddable":true,"href":"https:\/\/www.cool-and-safe.org\/fr\/wp-json\/wp\/v2\/pages\/30"}],"wp:attachment":[{"href":"https:\/\/www.cool-and-safe.org\/fr\/wp-json\/wp\/v2\/media?parent=930"}],"curies":[{"name":"wp","href":"https:\/\/api.w.org\/{rel}","templated":true}]}}