{"id":9176,"date":"2023-06-02T10:24:01","date_gmt":"2023-06-02T08:24:01","guid":{"rendered":"https:\/\/www.cool-and-safe.org\/?page_id=9176"},"modified":"2023-06-08T14:19:49","modified_gmt":"2023-06-08T12:19:49","slug":"fly-and-safe-checklist-pour-une-sante-sexuelle-protegee-en-voyage","status":"publish","type":"page","link":"https:\/\/www.cool-and-safe.org\/fr\/fly-and-safe-checklist-pour-une-sante-sexuelle-protegee-en-voyage\/","title":{"rendered":"Fly and Safe : checklist pour une sant\u00e9 sexuelle prot\u00e9g\u00e9e en voyage"},"content":{"rendered":"","protected":false},"excerpt":{"rendered":"","protected":false},"author":3,"featured_media":0,"parent":0,"menu_order":0,"comment_status":"closed","ping_status":"closed","template":"","meta":{"_acf_changed":false,"footnotes":""},"class_list":["post-9176","page","type-page","status-publish","hentry"],"acf":[],"_links":{"self":[{"href":"https:\/\/www.cool-and-safe.org\/fr\/wp-json\/wp\/v2\/pages\/9176","targetHints":{"allow":["GET"]}}],"collection":[{"href":"https:\/\/www.cool-and-safe.org\/fr\/wp-json\/wp\/v2\/pages"}],"about":[{"href":"https:\/\/www.cool-and-safe.org\/fr\/wp-json\/wp\/v2\/types\/page"}],"author":[{"embeddable":true,"href":"https:\/\/www.cool-and-safe.org\/fr\/wp-json\/wp\/v2\/users\/3"}],"replies":[{"embeddable":true,"href":"https:\/\/www.cool-and-safe.org\/fr\/wp-json\/wp\/v2\/comments?post=9176"}],"version-history":[{"count":21,"href":"https:\/\/www.cool-and-safe.org\/fr\/wp-json\/wp\/v2\/pages\/9176\/revisions"}],"predecessor-version":[{"id":9270,"href":"https:\/\/www.cool-and-safe.org\/fr\/wp-json\/wp\/v2\/pages\/9176\/revisions\/9270"}],"wp:attachment":[{"href":"https:\/\/www.cool-and-safe.org\/fr\/wp-json\/wp\/v2\/media?parent=9176"}],"curies":[{"name":"wp","href":"https:\/\/api.w.org\/{rel}","templated":true}]}}