{"id":7780,"date":"2021-09-22T09:41:41","date_gmt":"2021-09-22T07:41:41","guid":{"rendered":"https:\/\/www.cool-and-safe.org\/?page_id=7780"},"modified":"2024-06-05T12:53:25","modified_gmt":"2024-06-05T10:53:25","slug":"evenements-passes","status":"publish","type":"page","link":"https:\/\/www.cool-and-safe.org\/fr\/evenements-passes\/","title":{"rendered":"Evenements Pass\u00e9s"},"content":{"rendered":"<p>Tous les \u00e9v\u00e8nements pass\u00e9s se trouvent sur cette page.<\/p>\n<p><a class=\"btn\" href=\"https:\/\/www.cool-and-safe.org\/fr\/agenda\/\">Voir tous les \u00e9v\u00e9nements \u00e0 venir<\/a><\/p>\n","protected":false},"excerpt":{"rendered":"<p>Tous les \u00e9v\u00e8nements pass\u00e9s se trouvent sur cette page. Voir tous les \u00e9v\u00e9nements \u00e0 venir<\/p>\n","protected":false},"author":1,"featured_media":0,"parent":0,"menu_order":0,"comment_status":"closed","ping_status":"closed","template":"plugin-page-past-events.php","meta":{"_acf_changed":false,"footnotes":""},"class_list":["post-7780","page","type-page","status-publish","hentry"],"acf":[],"_links":{"self":[{"href":"https:\/\/www.cool-and-safe.org\/fr\/wp-json\/wp\/v2\/pages\/7780","targetHints":{"allow":["GET"]}}],"collection":[{"href":"https:\/\/www.cool-and-safe.org\/fr\/wp-json\/wp\/v2\/pages"}],"about":[{"href":"https:\/\/www.cool-and-safe.org\/fr\/wp-json\/wp\/v2\/types\/page"}],"author":[{"embeddable":true,"href":"https:\/\/www.cool-and-safe.org\/fr\/wp-json\/wp\/v2\/users\/1"}],"replies":[{"embeddable":true,"href":"https:\/\/www.cool-and-safe.org\/fr\/wp-json\/wp\/v2\/comments?post=7780"}],"version-history":[{"count":3,"href":"https:\/\/www.cool-and-safe.org\/fr\/wp-json\/wp\/v2\/pages\/7780\/revisions"}],"predecessor-version":[{"id":9949,"href":"https:\/\/www.cool-and-safe.org\/fr\/wp-json\/wp\/v2\/pages\/7780\/revisions\/9949"}],"wp:attachment":[{"href":"https:\/\/www.cool-and-safe.org\/fr\/wp-json\/wp\/v2\/media?parent=7780"}],"curies":[{"name":"wp","href":"https:\/\/api.w.org\/{rel}","templated":true}]}}