{"id":7778,"date":"2021-09-22T09:41:16","date_gmt":"2021-09-22T07:41:16","guid":{"rendered":"https:\/\/www.cool-and-safe.org\/?page_id=7778"},"modified":"2022-04-25T16:52:00","modified_gmt":"2022-04-25T14:52:00","slug":"agenda","status":"publish","type":"page","link":"https:\/\/www.cool-and-safe.org\/fr\/agenda\/","title":{"rendered":"Agenda"},"content":{"rendered":"<p>Vous pouvez retrouver sur cette page tous les \u00e9v\u00e8nement de Cool and Safe et d&rsquo;Action TEST, le projet de d\u00e9pistage de la Plateforme Pr\u00e9vention Sida<\/p>\n<p><a class=\"btn\" href=\"https:\/\/www.cool-and-safe.org\/fr\/evenements-passes\/\">Voir tous les \u00e9v\u00e9nements passs\u00e9s<\/a><\/p>\n","protected":false},"excerpt":{"rendered":"<p>Vous pouvez retrouver sur cette page tous les \u00e9v\u00e8nement de Cool and Safe et d&rsquo;Action TEST, le projet de d\u00e9pistage de la Plateforme Pr\u00e9vention Sida Voir tous les \u00e9v\u00e9nements passs\u00e9s<\/p>\n","protected":false},"author":1,"featured_media":0,"parent":0,"menu_order":0,"comment_status":"closed","ping_status":"closed","template":"plugin-page-events.php","meta":{"_acf_changed":false,"footnotes":""},"class_list":["post-7778","page","type-page","status-publish","hentry"],"acf":[],"_links":{"self":[{"href":"https:\/\/www.cool-and-safe.org\/fr\/wp-json\/wp\/v2\/pages\/7778","targetHints":{"allow":["GET"]}}],"collection":[{"href":"https:\/\/www.cool-and-safe.org\/fr\/wp-json\/wp\/v2\/pages"}],"about":[{"href":"https:\/\/www.cool-and-safe.org\/fr\/wp-json\/wp\/v2\/types\/page"}],"author":[{"embeddable":true,"href":"https:\/\/www.cool-and-safe.org\/fr\/wp-json\/wp\/v2\/users\/1"}],"replies":[{"embeddable":true,"href":"https:\/\/www.cool-and-safe.org\/fr\/wp-json\/wp\/v2\/comments?post=7778"}],"version-history":[{"count":5,"href":"https:\/\/www.cool-and-safe.org\/fr\/wp-json\/wp\/v2\/pages\/7778\/revisions"}],"predecessor-version":[{"id":8345,"href":"https:\/\/www.cool-and-safe.org\/fr\/wp-json\/wp\/v2\/pages\/7778\/revisions\/8345"}],"wp:attachment":[{"href":"https:\/\/www.cool-and-safe.org\/fr\/wp-json\/wp\/v2\/media?parent=7778"}],"curies":[{"name":"wp","href":"https:\/\/api.w.org\/{rel}","templated":true}]}}