{"id":316,"date":"2020-08-13T08:03:18","date_gmt":"2020-08-13T08:03:18","guid":{"rendered":"http:\/\/preventionsida.dev03.gb.int\/?page_id=316"},"modified":"2020-08-13T10:03:18","modified_gmt":"2020-08-13T08:03:18","slug":"ai-je-pris-un-risque-detre-infecte-e-par-une-ist-le-vih","status":"publish","type":"page","link":"https:\/\/www.cool-and-safe.org\/fr\/depistage\/ai-je-pris-un-risque-detre-infecte-e-par-une-ist-le-vih\/","title":{"rendered":"Ai-je pris un risque d\u2019\u00eatre infect\u00e9.e par une IST \/ le VIH ?"},"content":{"rendered":"<p><span style=\"color: #006f90;\"><strong>Vous vous demandez si vous avez peut-\u00eatre \u00e9t\u00e9 infect\u00e9 par le VIH ou par une IST (Infection Sexuellement Transmissible) lors de rapports sex<span style=\"color: #006f90;\">uels?<br \/>\n&#8211;<\/span><\/strong><strong>&gt; FAITES LE TEST<\/strong><\/span><\/p>\n<p>Ce calculateur donne une estimation des risques que vous avez pris pour le VIH et pour des IST selon les connaissances actuelles et en fonction de vos r\u00e9ponses. Il ne remplace ni un d\u00e9pistage, ni un rendez-vous chez un\u00b7e m\u00e9decin. En effet, une rencontre avec un\u00b7e m\u00e9decin permet de poser un diagnostic pr\u00e9cis qui prend en compte tous les aspects de votre situation personnelle. Cet \u00e9valuateur vous donne une \u00e9valuation g\u00e9n\u00e9rale, c\u2019est un indicateur sur votre prise de risque. Son objectif est donc d\u2019orienter, de donner une id\u00e9e globale. En cas de doute, contactez-nous ou contactez un\u00b7e m\u00e9decin.<\/p>\n","protected":false},"excerpt":{"rendered":"<p>Vous vous demandez si vous avez peut-\u00eatre \u00e9t\u00e9 infect\u00e9 par le VIH ou par une IST (Infection Sexuellement Transmissible) lors de rapports sexuels? &#8211;&gt; FAITES LE TEST Ce calculateur donne une estimation des risques que vous avez pris pour le VIH et pour des IST selon les connaissances actuelles et en fonction de vos r\u00e9ponses. Il ne remplace ni un d\u00e9pistage, ni un rendez-vous chez un\u00b7e m\u00e9decin. En effet, une rencontre avec un\u00b7e m\u00e9decin permet de poser un diagnostic pr\u00e9cis qui prend en compte tous les aspects de votre situation personnelle. Cet \u00e9valuateur vous donne une \u00e9valuation g\u00e9n\u00e9rale, c\u2019est un indicateur sur votre prise de risque. Son objectif est donc d\u2019orienter, de donner une id\u00e9e globale. En cas de doute, contactez-nous ou contactez un\u00b7e m\u00e9decin.<\/p>\n","protected":false},"author":1,"featured_media":5107,"parent":30,"menu_order":0,"comment_status":"closed","ping_status":"closed","template":"","meta":{"_acf_changed":false,"footnotes":""},"class_list":["post-316","page","type-page","status-publish","has-post-thumbnail","hentry"],"acf":[],"_links":{"self":[{"href":"https:\/\/www.cool-and-safe.org\/fr\/wp-json\/wp\/v2\/pages\/316","targetHints":{"allow":["GET"]}}],"collection":[{"href":"https:\/\/www.cool-and-safe.org\/fr\/wp-json\/wp\/v2\/pages"}],"about":[{"href":"https:\/\/www.cool-and-safe.org\/fr\/wp-json\/wp\/v2\/types\/page"}],"author":[{"embeddable":true,"href":"https:\/\/www.cool-and-safe.org\/fr\/wp-json\/wp\/v2\/users\/1"}],"replies":[{"embeddable":true,"href":"https:\/\/www.cool-and-safe.org\/fr\/wp-json\/wp\/v2\/comments?post=316"}],"version-history":[{"count":44,"href":"https:\/\/www.cool-and-safe.org\/fr\/wp-json\/wp\/v2\/pages\/316\/revisions"}],"predecessor-version":[{"id":5106,"href":"https:\/\/www.cool-and-safe.org\/fr\/wp-json\/wp\/v2\/pages\/316\/revisions\/5106"}],"up":[{"embeddable":true,"href":"https:\/\/www.cool-and-safe.org\/fr\/wp-json\/wp\/v2\/pages\/30"}],"wp:featuredmedia":[{"embeddable":true,"href":"https:\/\/www.cool-and-safe.org\/fr\/wp-json\/wp\/v2\/media\/5107"}],"wp:attachment":[{"href":"https:\/\/www.cool-and-safe.org\/fr\/wp-json\/wp\/v2\/media?parent=316"}],"curies":[{"name":"wp","href":"https:\/\/api.w.org\/{rel}","templated":true}]}}